{"id":309,"date":"2020-01-13T11:17:52","date_gmt":"2020-01-13T11:17:52","guid":{"rendered":"https:\/\/demosites.io\/web-agency-gb\/?page_id=5"},"modified":"2024-01-31T19:26:52","modified_gmt":"2024-01-31T19:26:52","slug":"15c42-web-agency-gb-home","status":"publish","type":"page","link":"https:\/\/www.engelhardtgmbh.de\/en\/","title":{"rendered":"Home"},"content":{"rendered":"<div class=\"wp-block-cover alignfull is-light\" style=\"min-height:700px;aspect-ratio:unset;\"><span aria-hidden=\"true\" class=\"wp-block-cover__background has-background-dim-0 has-background-dim\"><\/span><img loading=\"lazy\" decoding=\"async\" width=\"2414\" height=\"1613\" class=\"wp-block-cover__image-background wp-image-710\" alt=\"\" src=\"http:\/\/wordpress.engelhardtgmbh.de\/wp-content\/uploads\/2023\/11\/background-home-3.jpg\" data-object-fit=\"cover\" srcset=\"https:\/\/www.engelhardtgmbh.de\/wp-content\/uploads\/2023\/11\/background-home-3.jpg 2414w, https:\/\/www.engelhardtgmbh.de\/wp-content\/uploads\/2023\/11\/background-home-3-300x200.jpg 300w, https:\/\/www.engelhardtgmbh.de\/wp-content\/uploads\/2023\/11\/background-home-3-1024x684.jpg 1024w, https:\/\/www.engelhardtgmbh.de\/wp-content\/uploads\/2023\/11\/background-home-3-768x513.jpg 768w, https:\/\/www.engelhardtgmbh.de\/wp-content\/uploads\/2023\/11\/background-home-3-1536x1026.jpg 1536w, https:\/\/www.engelhardtgmbh.de\/wp-content\/uploads\/2023\/11\/background-home-3-2048x1368.jpg 2048w, https:\/\/www.engelhardtgmbh.de\/wp-content\/uploads\/2023\/11\/background-home-3-18x12.jpg 18w, https:\/\/www.engelhardtgmbh.de\/wp-content\/uploads\/2023\/11\/background-home-3-930x620.jpg 930w\" sizes=\"auto, (max-width: 2414px) 100vw, 2414px\" \/><div class=\"wp-block-cover__inner-container is-layout-flow wp-block-cover-is-layout-flow\">\n<div style=\"height:80px\" aria-hidden=\"true\" class=\"wp-block-spacer\"><\/div>\n\n\n\n<h1 class=\"wp-block-heading has-text-align-left has-neve-text-color-color has-text-color\">Welcome to<br>Dipl.-Ing. Engelhardt GmbH<br><\/h1>\n\n\n\n<div class=\"wp-block-buttons is-horizontal is-content-justification-left is-layout-flex wp-container-core-buttons-is-layout-7e5fce0a wp-block-buttons-is-layout-flex\">\n<div class=\"wp-block-button is-style-primary\"><a class=\"wp-block-button__link has-nv-site-bg-color has-text-color wp-element-button\" href=\"https:\/\/www.engelhardtgmbh.de\/en\/kontakt\/\">GET IN TOUCH WITH US<\/a><\/div>\n<\/div>\n\n\n\n<div style=\"height:80px\" aria-hidden=\"true\" class=\"wp-block-spacer\"><\/div>\n\n\n\n<div style=\"height:80px\" aria-hidden=\"true\" class=\"wp-block-spacer\"><\/div>\n<\/div><\/div>\n\n\n\n<div style=\"height:80px\" aria-hidden=\"true\" class=\"wp-block-spacer\"><\/div>\n\n\n\n<div class=\"wp-block-columns is-layout-flex wp-container-core-columns-is-layout-9d6595d7 wp-block-columns-is-layout-flex\">\n<div class=\"wp-block-column is-layout-flow wp-block-column-is-layout-flow\"><div class=\"wp-block-image icon-style is-style-rounded\">\n<figure class=\"aligncenter size-full\"><img loading=\"lazy\" decoding=\"async\" width=\"72\" height=\"72\" src=\"http:\/\/wordpress.engelhardtgmbh.de\/wp-content\/uploads\/2023\/11\/neve-webdesign-GB-03-red.png\" alt=\"\" class=\"wp-image-434\" title=\"\" srcset=\"https:\/\/www.engelhardtgmbh.de\/wp-content\/uploads\/2023\/11\/neve-webdesign-GB-03-red.png 72w, https:\/\/www.engelhardtgmbh.de\/wp-content\/uploads\/2023\/11\/neve-webdesign-GB-03-red-12x12.png 12w\" sizes=\"auto, (max-width: 72px) 100vw, 72px\" \/><\/figure>\n<\/div>\n\n\n<div style=\"height:20px\" aria-hidden=\"true\" class=\"wp-block-spacer\"><\/div>\n\n\n\n<h3 class=\"wp-block-heading has-text-align-center has-neve-text-color-color has-text-color\">40+ Years of Experience<\/h3>\n\n\n\n<p class=\"has-text-align-center\">Dipl.-Ing. Engelhardt GmbH is a medium-sized company that has been in existence for over 40 years.<\/p>\n<\/div>\n\n\n\n<div class=\"wp-block-column is-layout-flow wp-block-column-is-layout-flow\"><div class=\"wp-block-image icon-style is-style-rounded\">\n<figure class=\"aligncenter size-full\"><img loading=\"lazy\" decoding=\"async\" width=\"72\" height=\"72\" src=\"http:\/\/wordpress.engelhardtgmbh.de\/wp-content\/uploads\/2023\/11\/neve-webdesign-GB-03-red.png\" alt=\"\" class=\"wp-image-434\" srcset=\"https:\/\/www.engelhardtgmbh.de\/wp-content\/uploads\/2023\/11\/neve-webdesign-GB-03-red.png 72w, https:\/\/www.engelhardtgmbh.de\/wp-content\/uploads\/2023\/11\/neve-webdesign-GB-03-red-12x12.png 12w\" sizes=\"auto, (max-width: 72px) 100vw, 72px\" \/><\/figure>\n<\/div>\n\n\n<div style=\"height:20px\" aria-hidden=\"true\" class=\"wp-block-spacer\"><\/div>\n\n\n\n<h3 class=\"wp-block-heading has-text-align-center has-neve-text-color-color has-text-color\">20.000+ Controls<\/h3>\n\n\n\n<p class=\"has-text-align-center\">We have been successfully creating and selling automation technology solutions since our foundation.<\/p>\n<\/div>\n\n\n\n<div class=\"wp-block-column is-layout-flow wp-block-column-is-layout-flow\"><div class=\"wp-block-image icon-style is-style-rounded\">\n<figure class=\"aligncenter size-full\"><img loading=\"lazy\" decoding=\"async\" width=\"72\" height=\"72\" src=\"http:\/\/wordpress.engelhardtgmbh.de\/wp-content\/uploads\/2023\/11\/neve-webdesign-GB-03-red.png\" alt=\"\" class=\"wp-image-434\" srcset=\"https:\/\/www.engelhardtgmbh.de\/wp-content\/uploads\/2023\/11\/neve-webdesign-GB-03-red.png 72w, https:\/\/www.engelhardtgmbh.de\/wp-content\/uploads\/2023\/11\/neve-webdesign-GB-03-red-12x12.png 12w\" sizes=\"auto, (max-width: 72px) 100vw, 72px\" \/><\/figure>\n<\/div>\n\n\n<div style=\"height:20px\" aria-hidden=\"true\" class=\"wp-block-spacer\"><\/div>\n\n\n\n<h3 class=\"wp-block-heading has-text-align-center has-neve-text-color-color has-text-color\">100+ Satisfied Customers<\/h3>\n\n\n\n<p class=\"has-text-align-center\">Our satisfied customers are spread all over the world and appreciate the reliability of our control systems.<\/p>\n<\/div>\n<\/div>\n\n\n\n<div style=\"height:20px\" aria-hidden=\"true\" class=\"wp-block-spacer\"><\/div>\n\n\n\n<div class=\"wp-block-cover alignfull\" style=\"min-height:600px;aspect-ratio:unset;\"><span aria-hidden=\"true\" class=\"wp-block-cover__background has-nv-light-bg-background-color has-background-dim-100 has-background-dim\"><\/span><div class=\"wp-block-cover__inner-container is-layout-flow wp-block-cover-is-layout-flow\">\n<div class=\"wp-block-group\"><div class=\"wp-block-group__inner-container is-layout-flow wp-block-group-is-layout-flow\">\n<div style=\"height:80px\" aria-hidden=\"true\" class=\"wp-block-spacer\"><\/div>\n\n\n\n<div class=\"wp-block-columns are-vertically-aligned-center is-layout-flex wp-container-core-columns-is-layout-9d6595d7 wp-block-columns-is-layout-flex\">\n<div class=\"wp-block-column is-vertically-aligned-center is-layout-flow wp-block-column-is-layout-flow\" style=\"flex-basis:50%\">\n<figure class=\"wp-block-image size-full\"><img loading=\"lazy\" decoding=\"async\" width=\"1024\" height=\"768\" src=\"http:\/\/wordpress.engelhardtgmbh.de\/wp-content\/uploads\/2023\/11\/pccnc_1menu.jpg\" alt=\"\" class=\"wp-image-547\" srcset=\"https:\/\/www.engelhardtgmbh.de\/wp-content\/uploads\/2023\/11\/pccnc_1menu.jpg 1024w, https:\/\/www.engelhardtgmbh.de\/wp-content\/uploads\/2023\/11\/pccnc_1menu-300x225.jpg 300w, https:\/\/www.engelhardtgmbh.de\/wp-content\/uploads\/2023\/11\/pccnc_1menu-768x576.jpg 768w, https:\/\/www.engelhardtgmbh.de\/wp-content\/uploads\/2023\/11\/pccnc_1menu-16x12.jpg 16w\" sizes=\"auto, (max-width: 1024px) 100vw, 1024px\" \/><\/figure>\n<\/div>\n\n\n\n<div class=\"wp-block-column is-vertically-aligned-center is-layout-flow wp-block-column-is-layout-flow\" style=\"flex-basis:50%\">\n<div style=\"height:20px\" aria-hidden=\"true\" class=\"wp-block-spacer\"><\/div>\n\n\n\n<h2 class=\"wp-block-heading has-text-align-left has-neve-text-color-color has-text-color\">You move, we head<\/h2>\n\n\n\n<p class=\"has-text-align-left has-neve-text-color-color has-text-color\" style=\"font-size:17px\">Engelhardt GmbH stands for innovation, customer orientation, quality and service. For over 40 years we have proved computerized numerical controls, propulsion technology, construction of special-purpose machines, system solutions and projects, our competence around the topic for solutions.<\/p>\n<\/div>\n<\/div>\n\n\n\n<div style=\"height:40px\" aria-hidden=\"true\" class=\"wp-block-spacer\"><\/div>\n<\/div><\/div>\n<\/div><\/div>\n\n\n\n<div class=\"wp-block-cover alignfull\" style=\"min-height:600px;aspect-ratio:unset;\"><span aria-hidden=\"true\" class=\"wp-block-cover__background has-nv-site-bg-background-color has-background-dim-100 has-background-dim\"><\/span><div class=\"wp-block-cover__inner-container is-layout-flow wp-block-cover-is-layout-flow\">\n<div class=\"wp-block-group\"><div class=\"wp-block-group__inner-container is-layout-flow wp-block-group-is-layout-flow\">\n<div style=\"height:80px\" aria-hidden=\"true\" class=\"wp-block-spacer\"><\/div>\n\n\n\n<div class=\"wp-block-columns are-vertically-aligned-center is-layout-flex wp-container-core-columns-is-layout-9d6595d7 wp-block-columns-is-layout-flex\">\n<div class=\"wp-block-column is-vertically-aligned-center is-layout-flow wp-block-column-is-layout-flow\" style=\"flex-basis:50%\">\n<h2 class=\"wp-block-heading has-text-align-left has-neve-text-color-color has-text-color\"><strong>CNC solutions for all applications<\/strong><\/h2>\n\n\n\n<p class=\"has-text-align-left has-neve-text-color-color has-text-color\" style=\"font-size:17px\">This one customers convert, we always develop an economical, permanent and userfriendly solution for you whether complete or partial solutions, us with the help of computerized numerical controls from a production of one's own for ours. Our individual products especially for your request contain the complete life cycle of your plants, engines and systems from the planning about the installation of permanent further development and service.<\/p>\n\n\n\n<div style=\"height:40px\" aria-hidden=\"true\" class=\"wp-block-spacer\"><\/div>\n<\/div>\n\n\n\n<div class=\"wp-block-column is-vertically-aligned-center is-layout-flow wp-block-column-is-layout-flow\" style=\"flex-basis:50%\">\n<figure class=\"wp-block-image size-large\"><img loading=\"lazy\" decoding=\"async\" width=\"1024\" height=\"739\" src=\"http:\/\/wordpress.engelhardtgmbh.de\/wp-content\/uploads\/2023\/11\/kompakt-1024x739.jpg\" alt=\"\" class=\"wp-image-543\" srcset=\"https:\/\/www.engelhardtgmbh.de\/wp-content\/uploads\/2023\/11\/kompakt-1024x739.jpg 1024w, https:\/\/www.engelhardtgmbh.de\/wp-content\/uploads\/2023\/11\/kompakt-300x217.jpg 300w, https:\/\/www.engelhardtgmbh.de\/wp-content\/uploads\/2023\/11\/kompakt-768x554.jpg 768w, https:\/\/www.engelhardtgmbh.de\/wp-content\/uploads\/2023\/11\/kompakt-18x12.jpg 18w, https:\/\/www.engelhardtgmbh.de\/wp-content\/uploads\/2023\/11\/kompakt.jpg 1200w\" sizes=\"auto, (max-width: 1024px) 100vw, 1024px\" \/><\/figure>\n<\/div>\n<\/div>\n\n\n\n<div style=\"height:40px\" aria-hidden=\"true\" class=\"wp-block-spacer\"><\/div>\n<\/div><\/div>\n<\/div><\/div>\n\n\n\n<div class=\"wp-block-cover alignfull\" style=\"min-height:600px;aspect-ratio:unset;\"><span aria-hidden=\"true\" class=\"wp-block-cover__background has-nv-light-bg-background-color has-background-dim-100 has-background-dim\"><\/span><div class=\"wp-block-cover__inner-container is-layout-flow wp-block-cover-is-layout-flow\">\n<div class=\"wp-block-group\"><div class=\"wp-block-group__inner-container is-layout-flow wp-block-group-is-layout-flow\">\n<div style=\"height:80px\" aria-hidden=\"true\" class=\"wp-block-spacer\"><\/div>\n\n\n\n<div class=\"wp-block-columns are-vertically-aligned-center is-layout-flex wp-container-core-columns-is-layout-9d6595d7 wp-block-columns-is-layout-flex\">\n<div class=\"wp-block-column is-vertically-aligned-center is-layout-flow wp-block-column-is-layout-flow\" style=\"flex-basis:50%\">\n<figure class=\"wp-block-image size-full\"><img loading=\"lazy\" decoding=\"async\" width=\"960\" height=\"699\" src=\"http:\/\/wordpress.engelhardtgmbh.de\/wp-content\/uploads\/2023\/12\/firma-1024x745-1.jpg\" alt=\"\" class=\"wp-image-792\" srcset=\"https:\/\/www.engelhardtgmbh.de\/wp-content\/uploads\/2023\/12\/firma-1024x745-1.jpg 960w, https:\/\/www.engelhardtgmbh.de\/wp-content\/uploads\/2023\/12\/firma-1024x745-1-300x218.jpg 300w, https:\/\/www.engelhardtgmbh.de\/wp-content\/uploads\/2023\/12\/firma-1024x745-1-768x559.jpg 768w, https:\/\/www.engelhardtgmbh.de\/wp-content\/uploads\/2023\/12\/firma-1024x745-1-16x12.jpg 16w\" sizes=\"auto, (max-width: 960px) 100vw, 960px\" \/><\/figure>\n<\/div>\n\n\n\n<div class=\"wp-block-column is-vertically-aligned-center is-layout-flow wp-block-column-is-layout-flow\" style=\"flex-basis:50%\">\n<div style=\"height:20px\" aria-hidden=\"true\" class=\"wp-block-spacer\"><\/div>\n\n\n\n<h2 class=\"wp-block-heading has-text-align-left has-neve-text-color-color has-text-color\">From Bruchsal for the whole world<\/h2>\n\n\n\n<p class=\"has-text-align-left has-neve-text-color-color has-text-color\" style=\"font-size:17px\">Administration, product development and a production site are concentrated at the enterprise seat in Bruchsal. Wider manufacturing facilities are located in the non-European foreign countries. With competent partners we are worldwide to offer tailor-made solutions for you in over 20 countries.<\/p>\n<\/div>\n<\/div>\n\n\n\n<div style=\"height:40px\" aria-hidden=\"true\" class=\"wp-block-spacer\"><\/div>\n<\/div><\/div>\n<\/div><\/div>\n\n\n\n<div class=\"wp-block-cover alignfull\" style=\"min-height:300px;aspect-ratio:unset;\"><span aria-hidden=\"true\" class=\"wp-block-cover__background has-neve-link-color-background-color has-background-dim-100 has-background-dim\"><\/span><div class=\"wp-block-cover__inner-container is-layout-flow wp-block-cover-is-layout-flow\">\n<div style=\"height:140px\" aria-hidden=\"true\" class=\"wp-block-spacer\"><\/div>\n\n\n\n<h2 class=\"wp-block-heading has-text-align-center has-nv-text-dark-bg-color has-text-color\">Have we aroused your interest?<\/h2>\n\n\n\n<p class=\"has-text-align-center\">We would be happy to discuss your individual requirements for your project with you.<\/p>\n\n\n\n<div class=\"wp-block-buttons is-horizontal is-content-justification-center is-layout-flex wp-container-core-buttons-is-layout-499968f5 wp-block-buttons-is-layout-flex\">\n<div class=\"wp-block-button is-style-secondary\"><a class=\"wp-block-button__link wp-element-button\" href=\"https:\/\/www.engelhardtgmbh.de\/en\/kontakt\/\">GET IN TOUCH WITH US<\/a><\/div>\n<\/div>\n\n\n\n<div style=\"height:140px\" aria-hidden=\"true\" class=\"wp-block-spacer\"><\/div>\n<\/div><\/div>","protected":false},"excerpt":{"rendered":"<p>40+ Jahre Erfahrung Die Firma Dipl.-Ing. Engelhardt GmbH ist ein mittelst\u00e4ndisches Unternehmen und besteht seit \u00fcber 40 Jahren. 20.000+ Steuerung Seit unserem Bestehen haben wir L\u00f6sungen der Automatisierungstechnik mit Erfolg erstellt und vertrieben. 100+ zufriedene Kunden Unsere zufriedenen Kunden sind \u00fcber die ganze Welt verteilt und sch\u00e4tzen die Zuverl\u00e4ssigkeit unserer Steuerungen.<\/p>","protected":false},"author":1,"featured_media":0,"parent":0,"menu_order":0,"comment_status":"closed","ping_status":"closed","template":"","meta":{"neve_meta_sidebar":"default","neve_meta_container":"default","neve_meta_enable_content_width":"on","neve_meta_content_width":100,"neve_meta_title_alignment":"","neve_meta_author_avatar":"","neve_post_elements_order":"","neve_meta_disable_header":"","neve_meta_disable_footer":"","neve_meta_disable_title":"on","_themeisle_gutenberg_block_has_review":false,"footnotes":""},"class_list":["post-309","page","type-page","status-publish","hentry"],"_links":{"self":[{"href":"https:\/\/www.engelhardtgmbh.de\/en\/wp-json\/wp\/v2\/pages\/309","targetHints":{"allow":["GET"]}}],"collection":[{"href":"https:\/\/www.engelhardtgmbh.de\/en\/wp-json\/wp\/v2\/pages"}],"about":[{"href":"https:\/\/www.engelhardtgmbh.de\/en\/wp-json\/wp\/v2\/types\/page"}],"author":[{"embeddable":true,"href":"https:\/\/www.engelhardtgmbh.de\/en\/wp-json\/wp\/v2\/users\/1"}],"replies":[{"embeddable":true,"href":"https:\/\/www.engelhardtgmbh.de\/en\/wp-json\/wp\/v2\/comments?post=309"}],"version-history":[{"count":37,"href":"https:\/\/www.engelhardtgmbh.de\/en\/wp-json\/wp\/v2\/pages\/309\/revisions"}],"predecessor-version":[{"id":1114,"href":"https:\/\/www.engelhardtgmbh.de\/en\/wp-json\/wp\/v2\/pages\/309\/revisions\/1114"}],"wp:attachment":[{"href":"https:\/\/www.engelhardtgmbh.de\/en\/wp-json\/wp\/v2\/media?parent=309"}],"curies":[{"name":"wp","href":"https:\/\/api.w.org\/{rel}","templated":true}]}}